{"id":2921,"date":"2020-03-19T00:09:37","date_gmt":"2020-03-19T03:09:37","guid":{"rendered":"http:\/\/demosites.agorasite.com.br\/lojaesportes\/?post_type=product&#038;p=2921"},"modified":"2020-03-25T11:24:03","modified_gmt":"2020-03-25T14:24:03","slug":"mini-bola-personalizada-colecionavel-brasil-1970","status":"publish","type":"product","link":"http:\/\/demosites.agorasite.com.br\/lojaesportes\/produto\/mini-bola-personalizada-colecionavel-brasil-1970\/","title":{"rendered":"MINI BOLA PERSONALIZADA COLECIONAVEL &#8211; BRASIL 1970"},"content":{"rendered":"","protected":false},"excerpt":{"rendered":"<p>&#8211; COSTURADA \u00c0 M\u00c3O<br \/>\n&#8211; PESO: 180 A 220 gramas<br \/>\n&#8211; CIRCUNFER\u00caNCIA: 47 A 49 cm<br \/>\n&#8211; 32 GOMOS<br \/>\n&#8211; MATERIAL SINT\u00c9TICO PU (Poliuretano)<br \/>\n&#8211; PRESS\u00c3O: 3 A 5 LBS<br \/>\n&#8211; C\u00c2MARA AIRFLEX (L\u00e1tex natural &#8211; Biodegrad\u00e1vel)<br \/>\n&#8211; MIOLO\u00a0SUBSTITU\u00cdVEL<\/p>\n","protected":false},"featured_media":2922,"comment_status":"open","ping_status":"closed","template":"","meta":[],"_links":{"self":[{"href":"http:\/\/demosites.agorasite.com.br\/lojaesportes\/wp-json\/wp\/v2\/product\/2921"}],"collection":[{"href":"http:\/\/demosites.agorasite.com.br\/lojaesportes\/wp-json\/wp\/v2\/product"}],"about":[{"href":"http:\/\/demosites.agorasite.com.br\/lojaesportes\/wp-json\/wp\/v2\/types\/product"}],"replies":[{"embeddable":true,"href":"http:\/\/demosites.agorasite.com.br\/lojaesportes\/wp-json\/wp\/v2\/comments?post=2921"}],"wp:featuredmedia":[{"embeddable":true,"href":"http:\/\/demosites.agorasite.com.br\/lojaesportes\/wp-json\/wp\/v2\/media\/2922"}],"wp:attachment":[{"href":"http:\/\/demosites.agorasite.com.br\/lojaesportes\/wp-json\/wp\/v2\/media?parent=2921"}],"curies":[{"name":"wp","href":"https:\/\/api.w.org\/{rel}","templated":true}]}}