{"id":2867,"date":"2020-03-18T00:55:11","date_gmt":"2020-03-18T03:55:11","guid":{"rendered":"http:\/\/demosites.agorasite.com.br\/lojaesportes\/?post_type=product&#038;p=2867"},"modified":"2020-03-25T20:37:51","modified_gmt":"2020-03-25T23:37:51","slug":"mini-bola-personalizada-de-basquete-bradesco","status":"publish","type":"product","link":"http:\/\/demosites.agorasite.com.br\/lojaesportes\/produto\/mini-bola-personalizada-de-basquete-bradesco\/","title":{"rendered":"MINI BOLA PERSONALIZADA DE BASQUETE"},"content":{"rendered":"","protected":false},"excerpt":{"rendered":"<p>&#8211; MATRIZADA<br \/>\n&#8211; PESO: 100 A 150 gramas<br \/>\n&#8211; CIRCUNFER\u00caNCIA: 42 A 46 cm<br \/>\n&#8211; 8 GOMOS<br \/>\n&#8211; MATERIAL SINT\u00c9TICO PVC<br \/>\n&#8211; PRESS\u00c3O: 6 A 8 LBS<br \/>\n&#8211; C\u00c2MARA AIRFLEX (L\u00e1tex natural &#8211; Biodegrad\u00e1vel)<br \/>\n&#8211; MIOLO SUBSTITU\u00cdVEL<\/p>\n","protected":false},"featured_media":2872,"comment_status":"open","ping_status":"closed","template":"","meta":[],"_links":{"self":[{"href":"http:\/\/demosites.agorasite.com.br\/lojaesportes\/wp-json\/wp\/v2\/product\/2867"}],"collection":[{"href":"http:\/\/demosites.agorasite.com.br\/lojaesportes\/wp-json\/wp\/v2\/product"}],"about":[{"href":"http:\/\/demosites.agorasite.com.br\/lojaesportes\/wp-json\/wp\/v2\/types\/product"}],"replies":[{"embeddable":true,"href":"http:\/\/demosites.agorasite.com.br\/lojaesportes\/wp-json\/wp\/v2\/comments?post=2867"}],"wp:featuredmedia":[{"embeddable":true,"href":"http:\/\/demosites.agorasite.com.br\/lojaesportes\/wp-json\/wp\/v2\/media\/2872"}],"wp:attachment":[{"href":"http:\/\/demosites.agorasite.com.br\/lojaesportes\/wp-json\/wp\/v2\/media?parent=2867"}],"curies":[{"name":"wp","href":"https:\/\/api.w.org\/{rel}","templated":true}]}}